{"id":3412,"date":"2023-07-31T17:32:39","date_gmt":"2023-07-31T15:32:39","guid":{"rendered":"http:\/\/passerinvest.cz\/career\/"},"modified":"2023-07-31T17:32:39","modified_gmt":"2023-07-31T15:32:39","slug":"career","status":"publish","type":"page","link":"https:\/\/passerinvest.cz\/en\/company\/career\/","title":{"rendered":"Career"},"content":{"rendered":"<div class=\"fusion-fullwidth fullwidth-box fusion-builder-row-1 fusion-flex-container has-pattern-background has-mask-background nonhundred-percent-fullwidth non-hundred-percent-height-scrolling\" style=\"--awb-border-radius-top-left:0px;--awb-border-radius-top-right:0px;--awb-border-radius-bottom-right:0px;--awb-border-radius-bottom-left:0px;--awb-padding-right-medium:0px;--awb-padding-left-medium:0px;--awb-flex-wrap:wrap;\" ><div class=\"fusion-builder-row fusion-row fusion-flex-align-items-flex-start fusion-flex-content-wrap\" style=\"max-width:1451.84px;margin-left: calc(-4% \/ 2 );margin-right: calc(-4% \/ 2 );\"><div class=\"fusion-layout-column fusion_builder_column fusion-builder-column-0 fusion_builder_column_1_1 1_1 fusion-flex-column tisk-content\" style=\"--awb-padding-top:100px;--awb-padding-right:220px;--awb-padding-bottom:100px;--awb-padding-left:220px;--awb-padding-top-medium:15%;--awb-padding-right-medium:4%;--awb-padding-bottom-medium:15%;--awb-padding-left-medium:4%;--awb-padding-top-small:16%;--awb-padding-right-small:5%;--awb-padding-bottom-small:16%;--awb-padding-left-small:5%;--awb-bg-color:var(--awb-color1);--awb-bg-color-hover:var(--awb-color1);--awb-bg-size:cover;--awb-width-large:100%;--awb-margin-top-large:-300px;--awb-spacing-right-large:1.92%;--awb-margin-bottom-large:60px;--awb-spacing-left-large:1.92%;--awb-width-medium:100%;--awb-order-medium:0;--awb-margin-top-medium:-350px;--awb-spacing-right-medium:0px;--awb-margin-bottom-medium:50px;--awb-spacing-left-medium:0px;--awb-width-small:100%;--awb-order-small:0;--awb-margin-top-small:-400px;--awb-spacing-right-small:0px;--awb-margin-bottom-small:7%;--awb-spacing-left-small:0px;\"><div class=\"fusion-column-wrapper fusion-column-has-shadow fusion-flex-justify-content-flex-start fusion-content-layout-column\"><div class=\"fusion-post-cards fusion-post-cards-1 fusion-grid-archive fusion-grid-columns-1\" style=\"--awb-column-spacing:0px;--awb-dots-align:center;--awb-columns:1;--awb-active-filter-border-size:3px;--awb-filters-height:36px;\"><ul class=\"fusion-grid fusion-grid-1 fusion-flex-align-items-flex-start fusion-grid-posts-cards\"><li class=\"fusion-layout-column fusion_builder_column fusion-builder-column-1 fusion-flex-column fusion-column-inner-bg-wrapper kariera-item post-card fusion-grid-column fusion-post-cards-grid-column\" style=\"--awb-padding-top:30px;--awb-padding-right:10px;--awb-padding-bottom:30px;--awb-padding-left:10px;--awb-inner-bg-blend:overlay;--awb-inner-bg-size:cover;--awb-border-color:rgba(112,118,122,0.49);--awb-border-bottom:1px;--awb-border-style:solid;--awb-flex-grow:0;--awb-flex-shrink:0;--awb-flex-grow-medium:0;--awb-flex-shrink-medium:0;--awb-flex-grow-small:0;--awb-flex-shrink-small:0;\"><span class=\"fusion-column-inner-bg hover-type-none\"><a class=\"fusion-column-anchor\" href=\"https:\/\/passerinvest.cz\/en\/kariera\/v-soucasne-dobe-nejsou-nove-pozice-otevreny\/\"><span class=\"fusion-column-inner-bg-image\"><\/span><\/a><\/span><div class=\"fusion-column-wrapper fusion-column-has-shadow fusion-flex-justify-content-flex-start fusion-content-layout-column\"><div class=\"fusion-title title fusion-title-1 fusion-sep-none fusion-title-text fusion-title-size-three\"><h3 class=\"fusion-title-heading title-heading-left fusion-responsive-typography-calculated\" style=\"margin:0;--fontSize:50;line-height:var(--awb-typography1-line-height);\">Poj\u010fte tvo\u0159it budoucnost s&nbsp;n\u00e1mi.<\/h3><\/div><div class=\"fusion-content-tb fusion-content-tb-1\" style=\"--awb-text-color:var(--awb-color8);--awb-text-transform:none;\"><p>Jsme \u010desk\u00e1 firma, kter\u00e1 si zakl\u00e1d\u00e1 na p\u0159\u00e1telsk\u00e9 atmosf\u00e9\u0159e a siln\u00e9 firemn\u00ed kultu\u0159e. V\u011b\u0159\u00edme, \u017ee nejv\u011bt\u0161\u00ed hodnotou jsou lid\u00e9 \u2013 proto db\u00e1me na p\u0159\u00edjemn\u00e9 pracovn\u00ed prost\u0159ed\u00ed, podporujeme vzd\u011bl\u00e1v\u00e1n\u00ed a d\u00e1v\u00e1me prostor r\u016fstu i n\u00e1pad\u016fm. Dr\u017e\u00edme krok s dobou a bav\u00ed n\u00e1s spole\u010dn\u00e9 akce, d\u00edky kter\u00fdm posilujeme t\u00fdmov\u00e9ho ducha. Z\u00e1le\u017e\u00ed n\u00e1m na tom, co si na\u0161i lid\u00e9 mysl\u00ed, a proto naslouch\u00e1me. [...]<\/p><\/div><div class=\"fusion-text fusion-text-1\" style=\"--awb-text-color:var(--awb-color5);--awb-margin-right:20px;\"><p style=\"text-align: right;\">View details<\/p>\n<\/div><\/div><\/li>\n<li class=\"fusion-layout-column fusion_builder_column fusion-builder-column-2 fusion-flex-column fusion-column-inner-bg-wrapper kariera-item post-card fusion-grid-column fusion-post-cards-grid-column\" style=\"--awb-padding-top:30px;--awb-padding-right:10px;--awb-padding-bottom:30px;--awb-padding-left:10px;--awb-inner-bg-blend:overlay;--awb-inner-bg-size:cover;--awb-border-color:rgba(112,118,122,0.49);--awb-border-bottom:1px;--awb-border-style:solid;--awb-flex-grow:0;--awb-flex-shrink:0;--awb-flex-grow-medium:0;--awb-flex-shrink-medium:0;--awb-flex-grow-small:0;--awb-flex-shrink-small:0;\"><span class=\"fusion-column-inner-bg hover-type-none\"><a class=\"fusion-column-anchor\" href=\"https:\/\/passerinvest.cz\/en\/kariera\/controller-junior\/\"><span class=\"fusion-column-inner-bg-image\"><\/span><\/a><\/span><div class=\"fusion-column-wrapper fusion-column-has-shadow fusion-flex-justify-content-flex-start fusion-content-layout-column\"><div class=\"fusion-title title fusion-title-2 fusion-sep-none fusion-title-text fusion-title-size-three\"><h3 class=\"fusion-title-heading title-heading-left fusion-responsive-typography-calculated\" style=\"margin:0;--fontSize:50;line-height:var(--awb-typography1-line-height);\">Controller junior<\/h3><\/div><div class=\"fusion-content-tb fusion-content-tb-2\" style=\"--awb-text-color:var(--awb-color8);--awb-text-transform:none;\"><p>Do na\u0161eho t\u00fdmu hled\u00e1me novou kolegyni nebo nov\u00e9ho kolegu na pozici Controller junior. Nab\u00edz\u00edme pr\u00e1ci v p\u0159\u00edjemn\u00e9m kolektivu na pln\u00fd \u00favazek, modern\u00ed pracovn\u00ed prost\u0159ed\u00ed v Praze 4 na Brumlovce, zapojen\u00ed do projekt\u016f v oblasti controllingu i z\u00e1zem\u00ed stabiln\u00ed \u010desk\u00e9 spole\u010dnosti. Zkus\u00edte to u n\u00e1s? Pokud ano, informace k otev\u0159en\u00e9 pozici, po\u017eadavky na kandid\u00e1ta, kontakt kam zaslat CV naleznete zde. \u00a0 [...]<\/p><\/div><div class=\"fusion-text fusion-text-2\" style=\"--awb-text-color:var(--awb-color5);--awb-margin-right:20px;\"><p style=\"text-align: right;\">View details<\/p>\n<\/div><\/div><\/li>\n<li class=\"fusion-layout-column fusion_builder_column fusion-builder-column-3 fusion-flex-column fusion-column-inner-bg-wrapper kariera-item post-card fusion-grid-column fusion-post-cards-grid-column\" style=\"--awb-padding-top:30px;--awb-padding-right:10px;--awb-padding-bottom:30px;--awb-padding-left:10px;--awb-inner-bg-blend:overlay;--awb-inner-bg-size:cover;--awb-border-color:rgba(112,118,122,0.49);--awb-border-bottom:1px;--awb-border-style:solid;--awb-flex-grow:0;--awb-flex-shrink:0;--awb-flex-grow-medium:0;--awb-flex-shrink-medium:0;--awb-flex-grow-small:0;--awb-flex-shrink-small:0;\"><span class=\"fusion-column-inner-bg hover-type-none\"><a class=\"fusion-column-anchor\" href=\"https:\/\/passerinvest.cz\/en\/kariera\/it-specialista-junior\/\"><span class=\"fusion-column-inner-bg-image\"><\/span><\/a><\/span><div class=\"fusion-column-wrapper fusion-column-has-shadow fusion-flex-justify-content-flex-start fusion-content-layout-column\"><div class=\"fusion-title title fusion-title-3 fusion-sep-none fusion-title-text fusion-title-size-three\"><h3 class=\"fusion-title-heading title-heading-left fusion-responsive-typography-calculated\" style=\"margin:0;--fontSize:50;line-height:var(--awb-typography1-line-height);\">IT Specialista &#8211; Junior<\/h3><\/div><div class=\"fusion-content-tb fusion-content-tb-3\" style=\"--awb-text-color:var(--awb-color8);--awb-text-transform:none;\"><p>Jsme \u010desk\u00e1 firma, kter\u00e1 je na trhu t\u00e9m\u011b\u0159 t\u0159icet let. Firmu tvo\u0159\u00ed skv\u011bl\u00fd t\u00fdm spolupracovn\u00edk\u016f, profesion\u00e1l\u016f ve sv\u00e9m oboru. A k tomu je\u0161t\u011b m\u00e1me prvot\u0159\u00eddn\u00ed pracovn\u00ed prost\u0159ed\u00ed v Praze 4, v\u00a0 jedine\u010dn\u00e9 lokalit\u011b Brumlovka. I to m\u016f\u017ee b\u00fdt va\u0161\u00edm nov\u00fdm m\u00edstem pro pr\u00e1ci. Hled\u00e1me kolegu nebo novou kolegyni s IT znalostmi. Pokud se V\u00e1m popis pozice l\u00edb\u00ed a spl\u0148ujete i [...]<\/p><\/div><div class=\"fusion-text fusion-text-3\" style=\"--awb-text-color:var(--awb-color5);--awb-margin-right:20px;\"><p style=\"text-align: right;\">View details<\/p>\n<\/div><\/div><\/li>\n<li class=\"fusion-layout-column fusion_builder_column fusion-builder-column-4 fusion-flex-column fusion-column-inner-bg-wrapper kariera-item post-card fusion-grid-column fusion-post-cards-grid-column\" style=\"--awb-padding-top:30px;--awb-padding-right:10px;--awb-padding-bottom:30px;--awb-padding-left:10px;--awb-inner-bg-blend:overlay;--awb-inner-bg-size:cover;--awb-border-color:rgba(112,118,122,0.49);--awb-border-bottom:1px;--awb-border-style:solid;--awb-flex-grow:0;--awb-flex-shrink:0;--awb-flex-grow-medium:0;--awb-flex-shrink-medium:0;--awb-flex-grow-small:0;--awb-flex-shrink-small:0;\"><span class=\"fusion-column-inner-bg hover-type-none\"><a class=\"fusion-column-anchor\" href=\"https:\/\/passerinvest.cz\/en\/kariera\/property-manager\/\"><span class=\"fusion-column-inner-bg-image\"><\/span><\/a><\/span><div class=\"fusion-column-wrapper fusion-column-has-shadow fusion-flex-justify-content-flex-start fusion-content-layout-column\"><div class=\"fusion-title title fusion-title-4 fusion-sep-none fusion-title-text fusion-title-size-three\"><h3 class=\"fusion-title-heading title-heading-left fusion-responsive-typography-calculated\" style=\"margin:0;--fontSize:50;line-height:var(--awb-typography1-line-height);\">Property Manager<\/h3><\/div><div class=\"fusion-content-tb fusion-content-tb-4\" style=\"--awb-text-color:var(--awb-color8);--awb-text-transform:none;\"><p>\u0160pi\u010dkov\u00e9\u00a0 modern\u00ed budovy, nad\u010dasov\u00e9 kancel\u00e1\u0159e, nejlep\u0161\u00ed m\u00edsto pro s\u00eddlo firmy. To je Brumlovka. Do na\u0161eho t\u00fdmu hled\u00e1me kolegyni nebo kolegu na pozici Property Manager. Nov\u00e1 posila t\u00fdmu bude m\u00edt na starosti management sv\u011b\u0159en\u00fdch objekt\u016f, bude spolupracovat s kolegyn\u011bmi a kolegy z r\u016fzn\u00fdch t\u00fdm\u016f nap\u0159\u00ed\u010d celou firmou. Pokud m\u00e1te zku\u0161enosti v oboru, nev\u00e1hejte se na n\u00e1s obr\u00e1tit. V\u00edce informac\u00ed naleznete d\u00e1le... [...]<\/p><\/div><div class=\"fusion-text fusion-text-4\" style=\"--awb-text-color:var(--awb-color5);--awb-margin-right:20px;\"><p style=\"text-align: right;\">View details<\/p>\n<\/div><\/div><\/li>\n<\/ul><\/div><\/div><\/div><\/div><\/div>\n","protected":false},"excerpt":{"rendered":"","protected":false},"author":3,"featured_media":0,"parent":3465,"menu_order":0,"comment_status":"closed","ping_status":"closed","template":"100-width.php","meta":{"_acf_changed":false,"footnotes":""},"class_list":["post-3412","page","type-page","status-publish","hentry"],"acf":[],"yoast_head":"<!-- This site is optimized with the Yoast SEO plugin v26.9 - https:\/\/yoast.com\/product\/yoast-seo-wordpress\/ -->\n<title>Career - PASSERINVEST GROUP, a. s.<\/title>\n<meta name=\"robots\" content=\"index, follow, max-snippet:-1, max-image-preview:large, max-video-preview:-1\" \/>\n<link rel=\"canonical\" href=\"https:\/\/passerinvest.cz\/en\/company\/career\/\" \/>\n<meta property=\"og:locale\" content=\"en_US\" \/>\n<meta property=\"og:type\" content=\"article\" \/>\n<meta property=\"og:title\" content=\"Career - PASSERINVEST GROUP, a. s.\" \/>\n<meta property=\"og:url\" content=\"https:\/\/passerinvest.cz\/en\/company\/career\/\" \/>\n<meta property=\"og:site_name\" content=\"PASSERINVEST GROUP, a. s.\" \/>\n<meta property=\"article:publisher\" content=\"https:\/\/www.facebook.com\/PasserinvestGroup\/?locale=cs_CZ\" \/>\n<meta property=\"og:image\" content=\"https:\/\/passerinvest.cz\/wp-content\/uploads\/2026\/02\/passerinvest-nahled.jpg\" \/>\n\t<meta property=\"og:image:width\" content=\"1885\" \/>\n\t<meta property=\"og:image:height\" content=\"900\" \/>\n\t<meta property=\"og:image:type\" content=\"image\/jpeg\" \/>\n<meta name=\"twitter:card\" content=\"summary_large_image\" \/>\n<meta name=\"twitter:label1\" content=\"Est. reading time\" \/>\n\t<meta name=\"twitter:data1\" content=\"6 minutes\" \/>\n<script type=\"application\/ld+json\" class=\"yoast-schema-graph\">{\"@context\":\"https:\/\/schema.org\",\"@graph\":[{\"@type\":\"WebPage\",\"@id\":\"https:\/\/passerinvest.cz\/en\/company\/career\/\",\"url\":\"https:\/\/passerinvest.cz\/en\/company\/career\/\",\"name\":\"Career - PASSERINVEST GROUP, a. s.\",\"isPartOf\":{\"@id\":\"https:\/\/passerinvest.cz\/en\/#website\"},\"datePublished\":\"2023-07-31T15:32:39+00:00\",\"breadcrumb\":{\"@id\":\"https:\/\/passerinvest.cz\/en\/company\/career\/#breadcrumb\"},\"inLanguage\":\"en-US\",\"potentialAction\":[{\"@type\":\"ReadAction\",\"target\":[\"https:\/\/passerinvest.cz\/en\/company\/career\/\"]}]},{\"@type\":\"BreadcrumbList\",\"@id\":\"https:\/\/passerinvest.cz\/en\/company\/career\/#breadcrumb\",\"itemListElement\":[{\"@type\":\"ListItem\",\"position\":1,\"name\":\"Company\",\"item\":\"https:\/\/passerinvest.cz\/en\/company\/\"},{\"@type\":\"ListItem\",\"position\":2,\"name\":\"Career\"}]},{\"@type\":\"WebSite\",\"@id\":\"https:\/\/passerinvest.cz\/en\/#website\",\"url\":\"https:\/\/passerinvest.cz\/en\/\",\"name\":\"PASSERINVEST GROUP, a. s.\",\"description\":\"Passerinvest Group is a purely Czech development and investment company, which was founded by Radim Passer back in 1991 and ever since then it has acquired extensive experience with the construction of office and commercial buildings and residential projects.\",\"publisher\":{\"@id\":\"https:\/\/passerinvest.cz\/en\/#organization\"},\"potentialAction\":[{\"@type\":\"SearchAction\",\"target\":{\"@type\":\"EntryPoint\",\"urlTemplate\":\"https:\/\/passerinvest.cz\/en\/?s={search_term_string}\"},\"query-input\":{\"@type\":\"PropertyValueSpecification\",\"valueRequired\":true,\"valueName\":\"search_term_string\"}}],\"inLanguage\":\"en-US\"},{\"@type\":\"Organization\",\"@id\":\"https:\/\/passerinvest.cz\/en\/#organization\",\"name\":\"PASSERINVEST GROUP, a.s.\",\"url\":\"https:\/\/passerinvest.cz\/en\/\",\"logo\":{\"@type\":\"ImageObject\",\"inLanguage\":\"en-US\",\"@id\":\"https:\/\/passerinvest.cz\/en\/#\/schema\/logo\/image\/\",\"url\":\"https:\/\/passerinvest.cz\/wp-content\/uploads\/2023\/08\/logo-passerinvest270.jpg\",\"contentUrl\":\"https:\/\/passerinvest.cz\/wp-content\/uploads\/2023\/08\/logo-passerinvest270.jpg\",\"width\":270,\"height\":270,\"caption\":\"PASSERINVEST GROUP, a.s.\"},\"image\":{\"@id\":\"https:\/\/passerinvest.cz\/en\/#\/schema\/logo\/image\/\"},\"sameAs\":[\"https:\/\/www.facebook.com\/PasserinvestGroup\/?locale=cs_CZ\"]}]}<\/script>\n<!-- \/ Yoast SEO plugin. -->","yoast_head_json":{"title":"Career - PASSERINVEST GROUP, a. s.","robots":{"index":"index","follow":"follow","max-snippet":"max-snippet:-1","max-image-preview":"max-image-preview:large","max-video-preview":"max-video-preview:-1"},"canonical":"https:\/\/passerinvest.cz\/en\/company\/career\/","og_locale":"en_US","og_type":"article","og_title":"Career - PASSERINVEST GROUP, a. s.","og_url":"https:\/\/passerinvest.cz\/en\/company\/career\/","og_site_name":"PASSERINVEST GROUP, a. s.","article_publisher":"https:\/\/www.facebook.com\/PasserinvestGroup\/?locale=cs_CZ","og_image":[{"width":1885,"height":900,"url":"https:\/\/passerinvest.cz\/wp-content\/uploads\/2026\/02\/passerinvest-nahled.jpg","type":"image\/jpeg"}],"twitter_card":"summary_large_image","twitter_misc":{"Est. reading time":"6 minutes"},"schema":{"@context":"https:\/\/schema.org","@graph":[{"@type":"WebPage","@id":"https:\/\/passerinvest.cz\/en\/company\/career\/","url":"https:\/\/passerinvest.cz\/en\/company\/career\/","name":"Career - PASSERINVEST GROUP, a. s.","isPartOf":{"@id":"https:\/\/passerinvest.cz\/en\/#website"},"datePublished":"2023-07-31T15:32:39+00:00","breadcrumb":{"@id":"https:\/\/passerinvest.cz\/en\/company\/career\/#breadcrumb"},"inLanguage":"en-US","potentialAction":[{"@type":"ReadAction","target":["https:\/\/passerinvest.cz\/en\/company\/career\/"]}]},{"@type":"BreadcrumbList","@id":"https:\/\/passerinvest.cz\/en\/company\/career\/#breadcrumb","itemListElement":[{"@type":"ListItem","position":1,"name":"Company","item":"https:\/\/passerinvest.cz\/en\/company\/"},{"@type":"ListItem","position":2,"name":"Career"}]},{"@type":"WebSite","@id":"https:\/\/passerinvest.cz\/en\/#website","url":"https:\/\/passerinvest.cz\/en\/","name":"PASSERINVEST GROUP, a. s.","description":"Passerinvest Group is a purely Czech development and investment company, which was founded by Radim Passer back in 1991 and ever since then it has acquired extensive experience with the construction of office and commercial buildings and residential projects.","publisher":{"@id":"https:\/\/passerinvest.cz\/en\/#organization"},"potentialAction":[{"@type":"SearchAction","target":{"@type":"EntryPoint","urlTemplate":"https:\/\/passerinvest.cz\/en\/?s={search_term_string}"},"query-input":{"@type":"PropertyValueSpecification","valueRequired":true,"valueName":"search_term_string"}}],"inLanguage":"en-US"},{"@type":"Organization","@id":"https:\/\/passerinvest.cz\/en\/#organization","name":"PASSERINVEST GROUP, a.s.","url":"https:\/\/passerinvest.cz\/en\/","logo":{"@type":"ImageObject","inLanguage":"en-US","@id":"https:\/\/passerinvest.cz\/en\/#\/schema\/logo\/image\/","url":"https:\/\/passerinvest.cz\/wp-content\/uploads\/2023\/08\/logo-passerinvest270.jpg","contentUrl":"https:\/\/passerinvest.cz\/wp-content\/uploads\/2023\/08\/logo-passerinvest270.jpg","width":270,"height":270,"caption":"PASSERINVEST GROUP, a.s."},"image":{"@id":"https:\/\/passerinvest.cz\/en\/#\/schema\/logo\/image\/"},"sameAs":["https:\/\/www.facebook.com\/PasserinvestGroup\/?locale=cs_CZ"]}]}},"_links":{"self":[{"href":"https:\/\/passerinvest.cz\/en\/wp-json\/wp\/v2\/pages\/3412","targetHints":{"allow":["GET"]}}],"collection":[{"href":"https:\/\/passerinvest.cz\/en\/wp-json\/wp\/v2\/pages"}],"about":[{"href":"https:\/\/passerinvest.cz\/en\/wp-json\/wp\/v2\/types\/page"}],"author":[{"embeddable":true,"href":"https:\/\/passerinvest.cz\/en\/wp-json\/wp\/v2\/users\/3"}],"replies":[{"embeddable":true,"href":"https:\/\/passerinvest.cz\/en\/wp-json\/wp\/v2\/comments?post=3412"}],"version-history":[{"count":1,"href":"https:\/\/passerinvest.cz\/en\/wp-json\/wp\/v2\/pages\/3412\/revisions"}],"predecessor-version":[{"id":3413,"href":"https:\/\/passerinvest.cz\/en\/wp-json\/wp\/v2\/pages\/3412\/revisions\/3413"}],"up":[{"embeddable":true,"href":"https:\/\/passerinvest.cz\/en\/wp-json\/wp\/v2\/pages\/3465"}],"wp:attachment":[{"href":"https:\/\/passerinvest.cz\/en\/wp-json\/wp\/v2\/media?parent=3412"}],"curies":[{"name":"wp","href":"https:\/\/api.w.org\/{rel}","templated":true}]}}